{"id":649,"date":"2026-01-02T15:38:36","date_gmt":"2026-01-02T15:38:36","guid":{"rendered":"https:\/\/said-site-internet-nice.fr\/?page_id=649"},"modified":"2026-01-26T15:41:58","modified_gmt":"2026-01-26T15:41:58","slug":"a-propos-sudagency","status":"publish","type":"page","link":"https:\/\/said-site-internet-nice.fr\/index.php\/a-propos-sudagency\/","title":{"rendered":"\u00c0 propos"},"content":{"rendered":"<p>[et_pb_section fb_built=\u00a0\u00bb1&Prime; _builder_version=\u00a0\u00bb4.27.5&Prime; _module_preset=\u00a0\u00bbdefault\u00a0\u00bb custom_padding=\u00a0\u00bb||0px|||\u00a0\u00bb global_colors_info=\u00a0\u00bb{}\u00a0\u00bb][et_pb_row _builder_version=\u00a0\u00bb4.27.5&Prime; _module_preset=\u00a0\u00bbdefault\u00a0\u00bb global_colors_info=\u00a0\u00bb{}\u00a0\u00bb][et_pb_column type=\u00a0\u00bb4_4&Prime; _builder_version=\u00a0\u00bb4.27.5&Prime; _module_preset=\u00a0\u00bbdefault\u00a0\u00bb global_colors_info=\u00a0\u00bb{}\u00a0\u00bb][et_pb_text _builder_version=\u00a0\u00bb4.27.5&Prime; _module_preset=\u00a0\u00bbdefault\u00a0\u00bb text_font=\u00a0\u00bbSatoshi|900|||||||\u00a0\u00bb text_text_color=\u00a0\u00bb#000000&Prime; text_font_size=\u00a0\u00bb60px\u00a0\u00bb text_orientation=\u00a0\u00bbcenter\u00a0\u00bb global_colors_info=\u00a0\u00bb{}\u00a0\u00bb]<\/p>\n<p>\u00c0 PROPOS<\/p>\n<p>[\/et_pb_text][\/et_pb_column][\/et_pb_row][et_pb_row _builder_version=\u00a0\u00bb4.27.5&Prime; _module_preset=\u00a0\u00bbdefault\u00a0\u00bb global_colors_info=\u00a0\u00bb{}\u00a0\u00bb][et_pb_column type=\u00a0\u00bb4_4&Prime; _builder_version=\u00a0\u00bb4.27.5&Prime; _module_preset=\u00a0\u00bbdefault\u00a0\u00bb global_colors_info=\u00a0\u00bb{}\u00a0\u00bb][et_pb_text _builder_version=\u00a0\u00bb4.27.5&Prime; _module_preset=\u00a0\u00bbdefault\u00a0\u00bb header_4_font=\u00a0\u00bbInter||||||||\u00a0\u00bb header_4_font_size=\u00a0\u00bb14px\u00a0\u00bb header_4_letter_spacing=\u00a0\u00bb1px\u00a0\u00bb header_4_line_height=\u00a0\u00bb1.4em\u00a0\u00bb width=\u00a0\u00bb83%\u00a0\u00bb module_alignment=\u00a0\u00bbcenter\u00a0\u00bb global_colors_info=\u00a0\u00bb{}\u00a0\u00bb]<\/p>\n<h4 style=\"text-align: center;\">SudAgency est un studio de design sp\u00e9cialis\u00e9 dans la cr\u00e9ation d&rsquo;exp\u00e9riences num\u00e9riques de premier plan, con\u00e7ues avec clart\u00e9 et sens. Nous concevons des sites web visuellement raffin\u00e9s, techniquement irr\u00e9prochables et porteurs de sens pour ceux qui les utilisent.<\/h4>\n<h4 style=\"text-align: center;\"><\/h4>\n<h4 style=\"text-align: center;\">Chaque projet commence par la compr\u00e9hension et s&rsquo;ach\u00e8ve par la pr\u00e9cision. Notre objectif est de concevoir des exp\u00e9riences \u00e0 la fois fluides et intentionnelles, tout en offrant des r\u00e9sultats concrets qui aident les marques \u00e0 se d\u00e9velopper et \u00e0 performer durablement en ligne.<\/h4>\n<p>[\/et_pb_text][et_pb_text _builder_version=\u00a0\u00bb4.27.5&Prime; _module_preset=\u00a0\u00bbdefault\u00a0\u00bb header_4_font=\u00a0\u00bbInter||||||||\u00a0\u00bb header_4_font_size=\u00a0\u00bb14px\u00a0\u00bb header_4_letter_spacing=\u00a0\u00bb1px\u00a0\u00bb header_4_line_height=\u00a0\u00bb1.4em\u00a0\u00bb width=\u00a0\u00bb83%\u00a0\u00bb module_alignment=\u00a0\u00bbcenter\u00a0\u00bb global_colors_info=\u00a0\u00bb{}\u00a0\u00bb]<\/p>\n<h4 style=\"text-align: center;\">Nous pensons qu\u2019un bon design doit sembler \u00e9vident et \u00eatre ancr\u00e9 dans une intention pr\u00e9cise. Chaque d\u00e9tail compte, du mouvement d&rsquo;une page \u00e0 l&rsquo;\u00e9motion qu&rsquo;elle suscite. Chez <b data-path-to-node=\"2\" data-index-in-node=\"175\">Visuvate<\/b>, le design ne se limite pas \u00e0 l&rsquo;esth\u00e9tique ; il s&rsquo;agit de la clart\u00e9 de la communication et de la fluidit\u00e9 de la performance<\/h4>\n<p>[\/et_pb_text][\/et_pb_column][\/et_pb_row][et_pb_row _builder_version=\u00a0\u00bb4.27.5&Prime; _module_preset=\u00a0\u00bbdefault\u00a0\u00bb global_colors_info=\u00a0\u00bb{}\u00a0\u00bb][et_pb_column type=\u00a0\u00bb4_4&Prime; _builder_version=\u00a0\u00bb4.27.5&Prime; _module_preset=\u00a0\u00bbdefault\u00a0\u00bb global_colors_info=\u00a0\u00bb{}\u00a0\u00bb][et_pb_text _builder_version=\u00a0\u00bb4.27.5&Prime; _module_preset=\u00a0\u00bbdefault\u00a0\u00bb header_5_font=\u00a0\u00bbSatoshi|900|||||||\u00a0\u00bb header_5_text_align=\u00a0\u00bbcenter\u00a0\u00bb header_5_font_size=\u00a0\u00bb35px\u00a0\u00bb custom_margin=\u00a0\u00bb||1px|||\u00a0\u00bb global_colors_info=\u00a0\u00bb{}\u00a0\u00bb]<\/p>\n<h5>Nos valeurs<\/h5>\n<p>[\/et_pb_text][\/et_pb_column][\/et_pb_row][et_pb_row _builder_version=\u00a0\u00bb4.27.5&Prime; _module_preset=\u00a0\u00bbdefault\u00a0\u00bb global_colors_info=\u00a0\u00bb{}\u00a0\u00bb][et_pb_column type=\u00a0\u00bb4_4&Prime; _builder_version=\u00a0\u00bb4.27.5&Prime; _module_preset=\u00a0\u00bbdefault\u00a0\u00bb global_colors_info=\u00a0\u00bb{}\u00a0\u00bb][et_pb_text _builder_version=\u00a0\u00bb4.27.5&Prime; _module_preset=\u00a0\u00bbdefault\u00a0\u00bb header_2_font=\u00a0\u00bbSatoshi|900|||||||\u00a0\u00bb header_2_text_align=\u00a0\u00bbcenter\u00a0\u00bb header_2_font_size=\u00a0\u00bb50px\u00a0\u00bb global_colors_info=\u00a0\u00bb{}\u00a0\u00bb]<\/p>\n<h2>Cr\u00e9er avec audace.<\/h2>\n<h2>D\u00e9livrer l&rsquo;excellence.<\/h2>\n<p>[\/et_pb_text][et_pb_code _builder_version=\u00a0\u00bb4.27.5&Prime; _module_preset=\u00a0\u00bbdefault\u00a0\u00bb hover_enabled=\u00a0\u00bb0&Prime; global_colors_info=\u00a0\u00bb{}\u00a0\u00bb sticky_enabled=\u00a0\u00bb0&Prime;]<\/p>\n<div class=\"v-container\"><!-- [et_pb_line_break_holder] -->  <a href=\"https:\/\/said-site-internet-nice.fr\/index.php\/nos-travaux-sudagency\/\" class=\"v-btn\"><!-- [et_pb_line_break_holder] -->    nos travaux<!-- [et_pb_line_break_holder] -->    <span class=\"v-inner\"><!-- [et_pb_line_break_holder] -->      <span class=\"v-blobs\"><!-- [et_pb_line_break_holder] -->        <span class=\"v-blob\"><\/span><!-- [et_pb_line_break_holder] -->        <span class=\"v-blob\"><\/span><!-- [et_pb_line_break_holder] -->        <span class=\"v-blob\"><\/span><!-- [et_pb_line_break_holder] -->        <span class=\"v-blob\"><\/span><!-- [et_pb_line_break_holder] -->      <\/span><!-- [et_pb_line_break_holder] -->    <\/span><!-- [et_pb_line_break_holder] -->  <\/a><!-- [et_pb_line_break_holder] --><!-- [et_pb_line_break_holder] -->  <svg xmlns=\"http:\/\/www.w3.org\/2000\/svg\" version=\"1.1\" style=\"display:none\"><!-- [et_pb_line_break_holder] -->    <defs><!-- [et_pb_line_break_holder] -->      <filter id=\"vert-goo-2\"><!-- [et_pb_line_break_holder] -->        <feGaussianBlur in=\"SourceGraphic\" result=\"blur\" stdDeviation=\"10\"><\/feGaussianBlur><!-- [et_pb_line_break_holder] -->        <feColorMatrix in=\"blur\" mode=\"matrix\" values=\"1 0 0 0 0 0 1 0 0 0 0 0 1 0 0 0 0 0 21 -7\" result=\"goo\"><\/feColorMatrix><!-- [et_pb_line_break_holder] -->        <feBlend in2=\"goo\" in=\"SourceGraphic\" result=\"mix\"><\/feBlend><!-- [et_pb_line_break_holder] -->      <\/filter><!-- [et_pb_line_break_holder] -->    <\/defs><!-- [et_pb_line_break_holder] -->  <\/svg><!-- [et_pb_line_break_holder] --><\/div>\n<p><!-- [et_pb_line_break_holder] --><!-- [et_pb_line_break_holder] --><\/p>\n<style><!-- [et_pb_line_break_holder] -->.v-container { text-align: center; padding: 10px; }<!-- [et_pb_line_break_holder] --><!-- [et_pb_line_break_holder] -->.v-btn {<!-- [et_pb_line_break_holder] -->  z-index: 1;<!-- [et_pb_line_break_holder] -->  position: relative;<!-- [et_pb_line_break_holder] -->  display: inline-block; <!-- [et_pb_line_break_holder] -->  padding: 8px 20px;  <!-- [et_pb_line_break_holder] -->  text-align: center;<!-- [et_pb_line_break_holder] -->  text-transform: uppercase;<!-- [et_pb_line_break_holder] -->  color: #2D6A4F !important;<!-- [et_pb_line_break_holder] -->  font-size: 12px; <!-- [et_pb_line_break_holder] -->  font-weight: bold;<!-- [et_pb_line_break_holder] -->  text-decoration: none !important;<!-- [et_pb_line_break_holder] -->  background-color: transparent;<!-- [et_pb_line_break_holder] -->  outline: none;<!-- [et_pb_line_break_holder] -->  cursor: pointer;<!-- [et_pb_line_break_holder] -->  border-radius: 20px;<!-- [et_pb_line_break_holder] -->  border: 2px solid #2D6A4F !important;<!-- [et_pb_line_break_holder] -->  transition: color 0.5s;<!-- [et_pb_line_break_holder] -->  line-height: 1.2; <!-- [et_pb_line_break_holder] -->  box-sizing: border-box;<!-- [et_pb_line_break_holder] -->}<!-- [et_pb_line_break_holder] --><!-- [et_pb_line_break_holder] -->.v-btn:hover { color: #FFFFFF !important; }<!-- [et_pb_line_break_holder] --><!-- [et_pb_line_break_holder] -->.v-inner {<!-- [et_pb_line_break_holder] -->  z-index: -1;<!-- [et_pb_line_break_holder] -->  overflow: hidden;<!-- [et_pb_line_break_holder] -->  position: absolute;<!-- [et_pb_line_break_holder] -->  left: 0; top: 0;<!-- [et_pb_line_break_holder] -->  width: 100%; height: 100%;<!-- [et_pb_line_break_holder] -->  border-radius: 18px;<!-- [et_pb_line_break_holder] -->  background: #FFFFFF;<!-- [et_pb_line_break_holder] -->}<!-- [et_pb_line_break_holder] --><!-- [et_pb_line_break_holder] -->.v-blobs {<!-- [et_pb_line_break_holder] -->  position: relative;<!-- [et_pb_line_break_holder] -->  display: block;<!-- [et_pb_line_break_holder] -->  height: 100%;<!-- [et_pb_line_break_holder] -->  \/* ON APPELLE LE DEUXI\u00c8ME FILTRE ICI *\/<!-- [et_pb_line_break_holder] -->  filter: url(\"#vert-goo-2\");<!-- [et_pb_line_break_holder] -->}<!-- [et_pb_line_break_holder] --><!-- [et_pb_line_break_holder] -->.v-blob {<!-- [et_pb_line_break_holder] -->  position: absolute;<!-- [et_pb_line_break_holder] -->  top: 0;<!-- [et_pb_line_break_holder] -->  width: 35%; height: 100%;<!-- [et_pb_line_break_holder] -->  background: #2D6A4F !important;<!-- [et_pb_line_break_holder] -->  border-radius: 100%;<!-- [et_pb_line_break_holder] -->  transform: translate3d(0, 150%, 0) scale(1.4); <!-- [et_pb_line_break_holder] -->  transition: transform 0.45s;<!-- [et_pb_line_break_holder] -->}<!-- [et_pb_line_break_holder] --><!-- [et_pb_line_break_holder] -->.v-blob:nth-child(1) { left: 0%; transition-delay: 0s; }<!-- [et_pb_line_break_holder] -->.v-blob:nth-child(2) { left: 25%; transition-delay: 0.08s; }<!-- [et_pb_line_break_holder] -->.v-blob:nth-child(3) { left: 50%; transition-delay: 0.16s; }<!-- [et_pb_line_break_holder] -->.v-blob:nth-child(4) { left: 75%; transition-delay: 0.24s; }<!-- [et_pb_line_break_holder] --><!-- [et_pb_line_break_holder] -->.v-btn:hover .v-blob { transform: translate3d(0, 0, 0) scale(1.4); }<!-- [et_pb_line_break_holder] --><\/style>\n<p>[\/et_pb_code][et_pb_code _builder_version=\u00a0\u00bb4.27.5&Prime; _module_preset=\u00a0\u00bbdefault\u00a0\u00bb global_colors_info=\u00a0\u00bb{}\u00a0\u00bb]<\/p>\n<div class=\"v-container\"><!-- [et_pb_line_break_holder] -->  <a href=\"https:\/\/said-site-internet-nice.fr\/index.php\/contacts-sudagency\/\" class=\"v-btn\"><!-- [et_pb_line_break_holder] -->    contactez-nous<!-- [et_pb_line_break_holder] -->    <span class=\"v-inner\"><!-- [et_pb_line_break_holder] -->      <span class=\"v-blobs\"><!-- [et_pb_line_break_holder] -->        <span class=\"v-blob\"><\/span><!-- [et_pb_line_break_holder] -->        <span class=\"v-blob\"><\/span><!-- [et_pb_line_break_holder] -->        <span class=\"v-blob\"><\/span><!-- [et_pb_line_break_holder] -->        <span class=\"v-blob\"><\/span><!-- [et_pb_line_break_holder] -->      <\/span><!-- [et_pb_line_break_holder] -->    <\/span><!-- [et_pb_line_break_holder] -->  <\/a><!-- [et_pb_line_break_holder] --><!-- [et_pb_line_break_holder] -->  <svg xmlns=\"http:\/\/www.w3.org\/2000\/svg\" version=\"1.1\" style=\"display:none\"><!-- [et_pb_line_break_holder] -->    <defs><!-- [et_pb_line_break_holder] -->      <filter id=\"vert-goo\"><!-- [et_pb_line_break_holder] -->        <feGaussianBlur in=\"SourceGraphic\" result=\"blur\" stdDeviation=\"10\"><\/feGaussianBlur><!-- [et_pb_line_break_holder] -->        <feColorMatrix in=\"blur\" mode=\"matrix\" values=\"1 0 0 0 0 0 1 0 0 0 0 0 1 0 0 0 0 0 21 -7\" result=\"goo\"><\/feColorMatrix><!-- [et_pb_line_break_holder] -->        <feBlend in2=\"goo\" in=\"SourceGraphic\" result=\"mix\"><\/feBlend><!-- [et_pb_line_break_holder] -->      <\/filter><!-- [et_pb_line_break_holder] -->    <\/defs><!-- [et_pb_line_break_holder] -->  <\/svg><!-- [et_pb_line_break_holder] --><\/div>\n<p><!-- [et_pb_line_break_holder] --><!-- [et_pb_line_break_holder] --><\/p>\n<style><!-- [et_pb_line_break_holder] -->.v-container { <!-- [et_pb_line_break_holder] -->  text-align: center; <!-- [et_pb_line_break_holder] -->  padding: 10px; <!-- [et_pb_line_break_holder] -->}<!-- [et_pb_line_break_holder] --><!-- [et_pb_line_break_holder] -->.v-btn {<!-- [et_pb_line_break_holder] -->  z-index: 1;<!-- [et_pb_line_break_holder] -->  position: relative;<!-- [et_pb_line_break_holder] -->  \/* On force le comportement en bloc pour garder la taille *\/<!-- [et_pb_line_break_holder] -->  display: inline-block; <!-- [et_pb_line_break_holder] -->  \/* Dimensions identiques \u00e0 ta version pr\u00e9f\u00e9r\u00e9e *\/<!-- [et_pb_line_break_holder] -->  padding: 8px 20px;  <!-- [et_pb_line_break_holder] -->  width: auto;<!-- [et_pb_line_break_holder] -->  min-width: 140px; \/* Optionnel : pour garantir une largeur minimum *\/<!-- [et_pb_line_break_holder] -->  <!-- [et_pb_line_break_holder] -->  text-align: center;<!-- [et_pb_line_break_holder] -->  text-transform: uppercase;<!-- [et_pb_line_break_holder] -->  color: #2D6A4F !important;<!-- [et_pb_line_break_holder] -->  font-size: 12px; <!-- [et_pb_line_break_holder] -->  font-weight: bold;<!-- [et_pb_line_break_holder] -->  text-decoration: none !important;<!-- [et_pb_line_break_holder] -->  background-color: transparent;<!-- [et_pb_line_break_holder] -->  outline: none;<!-- [et_pb_line_break_holder] -->  cursor: pointer;<!-- [et_pb_line_break_holder] -->  border-radius: 20px;<!-- [et_pb_line_break_holder] -->  border: 2px solid #2D6A4F !important;<!-- [et_pb_line_break_holder] -->  transition: color 0.5s;<!-- [et_pb_line_break_holder] -->  \/* On s'assure que le lien ne prend pas de marge parasite *\/<!-- [et_pb_line_break_holder] -->  line-height: 1.2; <!-- [et_pb_line_break_holder] -->  box-sizing: border-box;<!-- [et_pb_line_break_holder] -->}<!-- [et_pb_line_break_holder] --><!-- [et_pb_line_break_holder] -->.v-btn:hover { <!-- [et_pb_line_break_holder] -->  color: #FFFFFF !important; <!-- [et_pb_line_break_holder] -->}<!-- [et_pb_line_break_holder] --><!-- [et_pb_line_break_holder] -->.v-inner {<!-- [et_pb_line_break_holder] -->  z-index: -1;<!-- [et_pb_line_break_holder] -->  overflow: hidden;<!-- [et_pb_line_break_holder] -->  position: absolute;<!-- [et_pb_line_break_holder] -->  left: 0; top: 0;<!-- [et_pb_line_break_holder] -->  width: 100%; height: 100%;<!-- [et_pb_line_break_holder] -->  border-radius: 18px;<!-- [et_pb_line_break_holder] -->  background: #FFFFFF;<!-- [et_pb_line_break_holder] -->}<!-- [et_pb_line_break_holder] --><!-- [et_pb_line_break_holder] -->.v-blobs {<!-- [et_pb_line_break_holder] -->  position: relative;<!-- [et_pb_line_break_holder] -->  display: block;<!-- [et_pb_line_break_holder] -->  height: 100%;<!-- [et_pb_line_break_holder] -->  filter: url(\"#vert-goo\");<!-- [et_pb_line_break_holder] -->}<!-- [et_pb_line_break_holder] --><!-- [et_pb_line_break_holder] -->.v-blob {<!-- [et_pb_line_break_holder] -->  position: absolute;<!-- [et_pb_line_break_holder] -->  top: 0; \/* Align\u00e9 en haut *\/<!-- [et_pb_line_break_holder] -->  width: 35%; <!-- [et_pb_line_break_holder] -->  height: 100%;<!-- [et_pb_line_break_holder] -->  background: #2D6A4F !important;<!-- [et_pb_line_break_holder] -->  border-radius: 100%;<!-- [et_pb_line_break_holder] -->  transform: translate3d(0, 150%, 0) scale(1.4); <!-- [et_pb_line_break_holder] -->  transition: transform 0.45s;<!-- [et_pb_line_break_holder] -->}<!-- [et_pb_line_break_holder] --><!-- [et_pb_line_break_holder] -->.v-blob:nth-child(1) { left: 0%; transition-delay: 0s; }<!-- [et_pb_line_break_holder] -->.v-blob:nth-child(2) { left: 25%; transition-delay: 0.08s; }<!-- [et_pb_line_break_holder] -->.v-blob:nth-child(3) { left: 50%; transition-delay: 0.16s; }<!-- [et_pb_line_break_holder] -->.v-blob:nth-child(4) { left: 75%; transition-delay: 0.24s; }<!-- [et_pb_line_break_holder] --><!-- [et_pb_line_break_holder] -->.v-btn:hover .v-blob { <!-- [et_pb_line_break_holder] -->  transform: translate3d(0, 0, 0) scale(1.4); <!-- [et_pb_line_break_holder] -->}<!-- [et_pb_line_break_holder] --><!-- [et_pb_line_break_holder] -->.v-btn:focus { outline: none !important; }<!-- [et_pb_line_break_holder] --><\/style>\n<p>[\/et_pb_code][\/et_pb_column][\/et_pb_row][\/et_pb_section]<\/p>\n","protected":false},"excerpt":{"rendered":"<p>\u00c0 PROPOSSudAgency est un studio de design sp\u00e9cialis\u00e9 dans la cr\u00e9ation d&rsquo;exp\u00e9riences num\u00e9riques de premier plan, con\u00e7ues avec clart\u00e9 et sens. Nous concevons des sites web visuellement raffin\u00e9s, techniquement irr\u00e9prochables et porteurs de sens pour ceux qui les utilisent. Chaque projet commence par la compr\u00e9hension et s&rsquo;ach\u00e8ve par la pr\u00e9cision. Notre objectif est de concevoir [&hellip;]<\/p>\n","protected":false},"author":1,"featured_media":0,"parent":0,"menu_order":0,"comment_status":"closed","ping_status":"closed","template":"","meta":{"_et_pb_use_builder":"on","_et_pb_old_content":"","_et_gb_content_width":"","footnotes":""},"class_list":["post-649","page","type-page","status-publish","hentry"],"yoast_head":"<!-- This site is optimized with the Yoast SEO plugin v26.9 - https:\/\/yoast.com\/product\/yoast-seo-wordpress\/ -->\n<title>\u00c0 propos - WordPress<\/title>\n<meta name=\"robots\" content=\"index, follow, max-snippet:-1, max-image-preview:large, max-video-preview:-1\" \/>\n<link rel=\"canonical\" href=\"https:\/\/said-site-internet-nice.fr\/index.php\/a-propos-sudagency\/\" \/>\n<meta property=\"og:locale\" content=\"fr_FR\" \/>\n<meta property=\"og:type\" content=\"article\" \/>\n<meta property=\"og:title\" content=\"\u00c0 propos - WordPress\" \/>\n<meta property=\"og:description\" content=\"\u00c0 PROPOSSudAgency est un studio de design sp\u00e9cialis\u00e9 dans la cr\u00e9ation d&#039;exp\u00e9riences num\u00e9riques de premier plan, con\u00e7ues avec clart\u00e9 et sens. Nous concevons des sites web visuellement raffin\u00e9s, techniquement irr\u00e9prochables et porteurs de sens pour ceux qui les utilisent. Chaque projet commence par la compr\u00e9hension et s&#039;ach\u00e8ve par la pr\u00e9cision. Notre objectif est de concevoir [&hellip;]\" \/>\n<meta property=\"og:url\" content=\"https:\/\/said-site-internet-nice.fr\/index.php\/a-propos-sudagency\/\" \/>\n<meta property=\"og:site_name\" content=\"WordPress\" \/>\n<meta property=\"article:modified_time\" content=\"2026-01-26T15:41:58+00:00\" \/>\n<meta name=\"twitter:card\" content=\"summary_large_image\" \/>\n<script type=\"application\/ld+json\" class=\"yoast-schema-graph\">{\"@context\":\"https:\/\/schema.org\",\"@graph\":[{\"@type\":\"WebPage\",\"@id\":\"https:\/\/said-site-internet-nice.fr\/index.php\/a-propos-sudagency\/\",\"url\":\"https:\/\/said-site-internet-nice.fr\/index.php\/a-propos-sudagency\/\",\"name\":\"\u00c0 propos - WordPress\",\"isPartOf\":{\"@id\":\"https:\/\/said-site-internet-nice.fr\/#website\"},\"datePublished\":\"2026-01-02T15:38:36+00:00\",\"dateModified\":\"2026-01-26T15:41:58+00:00\",\"breadcrumb\":{\"@id\":\"https:\/\/said-site-internet-nice.fr\/index.php\/a-propos-sudagency\/#breadcrumb\"},\"inLanguage\":\"fr-FR\",\"potentialAction\":[{\"@type\":\"ReadAction\",\"target\":[\"https:\/\/said-site-internet-nice.fr\/index.php\/a-propos-sudagency\/\"]}]},{\"@type\":\"BreadcrumbList\",\"@id\":\"https:\/\/said-site-internet-nice.fr\/index.php\/a-propos-sudagency\/#breadcrumb\",\"itemListElement\":[{\"@type\":\"ListItem\",\"position\":1,\"name\":\"Accueil\",\"item\":\"https:\/\/said-site-internet-nice.fr\/\"},{\"@type\":\"ListItem\",\"position\":2,\"name\":\"\u00c0 propos\"}]},{\"@type\":\"WebSite\",\"@id\":\"https:\/\/said-site-internet-nice.fr\/#website\",\"url\":\"https:\/\/said-site-internet-nice.fr\/\",\"name\":\"WordPress\",\"description\":\"\",\"potentialAction\":[{\"@type\":\"SearchAction\",\"target\":{\"@type\":\"EntryPoint\",\"urlTemplate\":\"https:\/\/said-site-internet-nice.fr\/?s={search_term_string}\"},\"query-input\":{\"@type\":\"PropertyValueSpecification\",\"valueRequired\":true,\"valueName\":\"search_term_string\"}}],\"inLanguage\":\"fr-FR\"}]}<\/script>\n<!-- \/ Yoast SEO plugin. -->","yoast_head_json":{"title":"\u00c0 propos - WordPress","robots":{"index":"index","follow":"follow","max-snippet":"max-snippet:-1","max-image-preview":"max-image-preview:large","max-video-preview":"max-video-preview:-1"},"canonical":"https:\/\/said-site-internet-nice.fr\/index.php\/a-propos-sudagency\/","og_locale":"fr_FR","og_type":"article","og_title":"\u00c0 propos - WordPress","og_description":"\u00c0 PROPOSSudAgency est un studio de design sp\u00e9cialis\u00e9 dans la cr\u00e9ation d'exp\u00e9riences num\u00e9riques de premier plan, con\u00e7ues avec clart\u00e9 et sens. Nous concevons des sites web visuellement raffin\u00e9s, techniquement irr\u00e9prochables et porteurs de sens pour ceux qui les utilisent. Chaque projet commence par la compr\u00e9hension et s'ach\u00e8ve par la pr\u00e9cision. Notre objectif est de concevoir [&hellip;]","og_url":"https:\/\/said-site-internet-nice.fr\/index.php\/a-propos-sudagency\/","og_site_name":"WordPress","article_modified_time":"2026-01-26T15:41:58+00:00","twitter_card":"summary_large_image","schema":{"@context":"https:\/\/schema.org","@graph":[{"@type":"WebPage","@id":"https:\/\/said-site-internet-nice.fr\/index.php\/a-propos-sudagency\/","url":"https:\/\/said-site-internet-nice.fr\/index.php\/a-propos-sudagency\/","name":"\u00c0 propos - WordPress","isPartOf":{"@id":"https:\/\/said-site-internet-nice.fr\/#website"},"datePublished":"2026-01-02T15:38:36+00:00","dateModified":"2026-01-26T15:41:58+00:00","breadcrumb":{"@id":"https:\/\/said-site-internet-nice.fr\/index.php\/a-propos-sudagency\/#breadcrumb"},"inLanguage":"fr-FR","potentialAction":[{"@type":"ReadAction","target":["https:\/\/said-site-internet-nice.fr\/index.php\/a-propos-sudagency\/"]}]},{"@type":"BreadcrumbList","@id":"https:\/\/said-site-internet-nice.fr\/index.php\/a-propos-sudagency\/#breadcrumb","itemListElement":[{"@type":"ListItem","position":1,"name":"Accueil","item":"https:\/\/said-site-internet-nice.fr\/"},{"@type":"ListItem","position":2,"name":"\u00c0 propos"}]},{"@type":"WebSite","@id":"https:\/\/said-site-internet-nice.fr\/#website","url":"https:\/\/said-site-internet-nice.fr\/","name":"WordPress","description":"","potentialAction":[{"@type":"SearchAction","target":{"@type":"EntryPoint","urlTemplate":"https:\/\/said-site-internet-nice.fr\/?s={search_term_string}"},"query-input":{"@type":"PropertyValueSpecification","valueRequired":true,"valueName":"search_term_string"}}],"inLanguage":"fr-FR"}]}},"_links":{"self":[{"href":"https:\/\/said-site-internet-nice.fr\/index.php\/wp-json\/wp\/v2\/pages\/649","targetHints":{"allow":["GET"]}}],"collection":[{"href":"https:\/\/said-site-internet-nice.fr\/index.php\/wp-json\/wp\/v2\/pages"}],"about":[{"href":"https:\/\/said-site-internet-nice.fr\/index.php\/wp-json\/wp\/v2\/types\/page"}],"author":[{"embeddable":true,"href":"https:\/\/said-site-internet-nice.fr\/index.php\/wp-json\/wp\/v2\/users\/1"}],"replies":[{"embeddable":true,"href":"https:\/\/said-site-internet-nice.fr\/index.php\/wp-json\/wp\/v2\/comments?post=649"}],"version-history":[{"count":34,"href":"https:\/\/said-site-internet-nice.fr\/index.php\/wp-json\/wp\/v2\/pages\/649\/revisions"}],"predecessor-version":[{"id":1031,"href":"https:\/\/said-site-internet-nice.fr\/index.php\/wp-json\/wp\/v2\/pages\/649\/revisions\/1031"}],"wp:attachment":[{"href":"https:\/\/said-site-internet-nice.fr\/index.php\/wp-json\/wp\/v2\/media?parent=649"}],"curies":[{"name":"wp","href":"https:\/\/api.w.org\/{rel}","templated":true}]}}